{"id":1697,"date":"2024-01-13T11:34:30","date_gmt":"2024-01-13T10:34:30","guid":{"rendered":"https:\/\/www.leinerlaura.hu\/?page_id=1697"},"modified":"2024-01-13T12:59:28","modified_gmt":"2024-01-13T11:59:28","slug":"a-szent-johanna-gimi-1-kezdet","status":"publish","type":"page","link":"https:\/\/www.leinerlaura.hu\/index.php\/a-szent-johanna-gimi-1-kezdet\/","title":{"rendered":"A Szent Johanna gimi 1. \u2013 Kezdet"},"content":{"rendered":"\n<p class=\"has-text-align-justify\">\u201c- Na, Cortez is megtal\u00e1lta a sulit. \u00c9ppen ideje volt, nem fogom \u00e9letem v\u00e9g\u00e9ig tartogatni a jegyzeteket \u2013 s\u00f3hajtotta tettetett unalommal az arc\u00e1n, \u00e9s becsapta a szekr\u00e9nyajtaj\u00e1t.<br>Elford\u00edtottam a fejem, hogy odan\u00e9zzek, \u00e9s akkor\u2026\u00c9s akkor t\u00f6rt\u00e9nt, hogy el\u0151sz\u00f6r megl\u00e1ttam Antai-Kelemen \u00c1d\u00e1mot, Cortezt. Abban a pillanatban, ahogy megl\u00e1ttam, g\u00f6rcsbe r\u00e1ndult a gyomrom, \u00e9s \u00fagy \u00e9reztem, musz\u00e1j lehajtanom a fejem, \u00e9s \u00fagy tenni, mintha csin\u00e1ln\u00e9k valamit, m\u00e1sk\u00fcl\u00f6nben el\u00e1rulom magam. Deszk\u00e1s cip\u0151t, farmert, \u00e9s b\u0151fazon\u00fa feh\u00e9r p\u00f3l\u00f3t viselt, f\u00e9l v\u00e1ll\u00e1n hanyagul l\u00f3gott a h\u00e1tizs\u00e1kja, m\u00e1sik kez\u00e9ben a g\u00f6rdeszk\u00e1j\u00e1t tartotta. \u00d6sszevissza meredez\u0151 haja csak l\u00e1tsz\u00f3lag \u00e1llt szertesz\u00e9t, egy\u00e9bk\u00e9nt gondosan megcsin\u00e1lta, \u00e9s pont \u00fagy n\u00e9zett ki, ahogy kell, \u00e9s ahogy j\u00f3l \u00e1ll neki. A folyos\u00f3 v\u00e9g\u00e9n Ricsivel besz\u00e9lgetett, azt\u00e1n sz\u00e9p lassan minden oszt\u00e1lyt\u00e1rsunk k\u00f6r\u00e9 gy\u0171lt, \u00e9s hallgatt\u00e1k.<br>Zavartan turk\u00e1ltam a szekr\u00e9nyemben, csak n\u00e9ha n\u00e9ztem fel egy-egy pillanatra. \u2013 N\u00e9zd, megj\u00f6tt Cortez! \u2013 jelentette be Vir\u00e1g.<br>Mintha magamt\u00f3l nem vettem volna \u00e9szre.\u201d<\/p>\n\n\n\n<p class=\"has-text-align-justify\">N\u00e9v: Rentai Ren\u00e1ta (Reni)<br>Kor: 14<br>Besz\u00e9lt nyelv: magyar, francia<br>Magamr\u00f3l: (Nem publikus adat, hozz\u00e1f\u00e9r\u00e9s korl\u00e1tozva) Az, hogy elk\u00f6lt\u00f6zt\u00fcnk, \u00e9s sulit v\u00e1ltottam, a lehet\u0151 legjobb dolog, ami t\u00f6rt\u00e9nt velem, mert v\u00e9gre lettek bar\u00e1taim (kett\u0151 is!), nem cikiznek, \u00e9s tal\u00e1lkoztam vele, aki igaz\u00e1n nagyon men\u0151!<br>\u00c9rdekl\u0151d\u00e9si k\u00f6r: k\u00f6nyvek, olvas\u00e1s, filmek, internet, azon bel\u00fcl is: Honfoglal\u00f3, Kv\u00edzPart<br>Klubtags\u00e1g: Mit olvasol most?; Kedvenc k\u00f6nyvek; Sims; Mindhal\u00e1lig Beatles!; Milyen id\u0151 lesz holnap?; TeveClub<\/p>\n\n\n\n<p>Kiad\u00f3:&nbsp;Carta Teen kiad\u00f3<\/p>\n\n\n\n<p>Oldalsz\u00e1m:&nbsp;464 oldal<\/p>\n\n\n\n<p>Megjelen\u00e9s \u00e9ve:&nbsp;2016<\/p>\n\n\n\n<p><a href=\"https:\/\/www.llkonyvesbolt.hu\/Leiner-Laura-A-Szent-Johanna-gimi-1-Kezdet\" target=\"_blank\" rel=\"noreferrer noopener\">V\u00e1s\u00e1rl\u00e1s<\/a><\/p>\n\n\n\n<p><a href=\"https:\/\/www.libri.hu\/konyv\/leiner_laura.kezdet--2.html\" target=\"_blank\" rel=\"noreferrer noopener\">Ek\u00f6nyv<\/a><\/p>\n","protected":false},"excerpt":{"rendered":"<p>\u201c- Na, Cortez is megtal\u00e1lta a sulit. \u00c9ppen ideje volt, nem fogom \u00e9letem v\u00e9g\u00e9ig tartogatni a jegyzeteket \u2013 s\u00f3hajtotta tettetett unalommal az arc\u00e1n, \u00e9s becsapta a szekr\u00e9nyajtaj\u00e1t.Elford\u00edtottam a fejem, hogy odan\u00e9zzek, \u00e9s akkor\u2026\u00c9s akkor t\u00f6rt\u00e9nt, hogy el\u0151sz\u00f6r megl\u00e1ttam Antai-Kelemen \u00c1d\u00e1mot, Cortezt. Abban a pillanatban, ahogy megl\u00e1ttam, g\u00f6rcsbe r\u00e1ndult a gyomrom, \u00e9s \u00fagy \u00e9reztem, musz\u00e1j lehajtanom<\/p>\n","protected":false},"author":2,"featured_media":0,"parent":0,"menu_order":0,"comment_status":"closed","ping_status":"closed","template":"","meta":{"footnotes":""},"class_list":["post-1697","page","type-page","status-publish","hentry"],"jetpack_sharing_enabled":true,"_links":{"self":[{"href":"https:\/\/www.leinerlaura.hu\/index.php\/wp-json\/wp\/v2\/pages\/1697","targetHints":{"allow":["GET"]}}],"collection":[{"href":"https:\/\/www.leinerlaura.hu\/index.php\/wp-json\/wp\/v2\/pages"}],"about":[{"href":"https:\/\/www.leinerlaura.hu\/index.php\/wp-json\/wp\/v2\/types\/page"}],"author":[{"embeddable":true,"href":"https:\/\/www.leinerlaura.hu\/index.php\/wp-json\/wp\/v2\/users\/2"}],"replies":[{"embeddable":true,"href":"https:\/\/www.leinerlaura.hu\/index.php\/wp-json\/wp\/v2\/comments?post=1697"}],"version-history":[{"count":2,"href":"https:\/\/www.leinerlaura.hu\/index.php\/wp-json\/wp\/v2\/pages\/1697\/revisions"}],"predecessor-version":[{"id":1746,"href":"https:\/\/www.leinerlaura.hu\/index.php\/wp-json\/wp\/v2\/pages\/1697\/revisions\/1746"}],"wp:attachment":[{"href":"https:\/\/www.leinerlaura.hu\/index.php\/wp-json\/wp\/v2\/media?parent=1697"}],"curies":[{"name":"wp","href":"https:\/\/api.w.org\/{rel}","templated":true}]}}