{"id":1702,"date":"2024-01-13T11:37:45","date_gmt":"2024-01-13T10:37:45","guid":{"rendered":"https:\/\/www.leinerlaura.hu\/?page_id=1702"},"modified":"2024-01-13T13:00:13","modified_gmt":"2024-01-13T12:00:13","slug":"a-szent-johanna-gimi-3-egyedul","status":"publish","type":"page","link":"https:\/\/www.leinerlaura.hu\/index.php\/a-szent-johanna-gimi-3-egyedul\/","title":{"rendered":"A Szent Johanna gimi 3. \u2013 Egyed\u00fcl"},"content":{"rendered":"\n<p class=\"has-text-align-justify\">\u201cCortez kiker\u00fclt minket, les\u00e9t\u00e1lt a l\u00e9pcs\u0151n, mik\u00f6zben a l\u00e1ny m\u00e1r megindult fel\u00e9. Tudtam, hogy r\u00e1 v\u00e1r, tudtam, hogy \u0151 csak Viki lehet, de a k\u00f6vetkez\u0151 jelenetet m\u00e9g \u00e9n sem tudtam el\u0151re. A l\u00e1ny vigyorogva \u00e1t\u00f6lelte Cortezt, majd hossz\u00fa cs\u00f3kkal k\u00f6sz\u00f6nt\u00f6tte. Nem, ez nem olyan volt, mint kilencedikben, a d\u00edjugrat\u00f3 napj\u00e1n. Most j\u00f3l l\u00e1ttam. Mindannyian j\u00f3l l\u00e1ttuk. Lemerevedtem, nem akartam odan\u00e9zni, de nem tudtam levenni a szemem r\u00f3luk. A l\u00e1tv\u00e1ny sokkolt, minden energi\u00e1mmal azon voltam, hogy akkor fulladjak meg, miut\u00e1n elmentek.<br>\u2013 Sziasztok \u2013 k\u00f6sz\u00f6nt h\u00e1tra Cortez nek\u00fcnk, azt\u00e1n megfogta Viki kez\u00e9t (\u00f6sszekulcsolt ujjakkal), \u00e9s elindultak.\u201d<\/p>\n\n\n\n<p class=\"has-text-align-justify\">N\u00e9v: Rentai Ren\u00e1ta (Reni)<br>Kor: 15<br>Besz\u00e9lt nyelv: magyar, francia<br>Magamr\u00f3l: (Nem publikus adat, hozz\u00e1f\u00e9r\u00e9s korl\u00e1tozva) Valami nem stimmel\u2026 Mintha visszafordult volna az id\u0151, megint nincs senkim, akire sz\u00e1m\u00edthatok. Egyed\u00fcl vagyok.<br>\u00c9rdekl\u0151d\u00e9si k\u00f6r: k\u00f6nyvek, olvas\u00e1s, git\u00e1r, suli\u00fajs\u00e1g<br>Klubtags\u00e1g: Jalapeno; Kedvenc k\u00f6nyvek; Mindhal\u00e1lig Beatles!; Oasis; Kezd\u0151 git\u00e1rosok; Akkor sem tudok rajzolni!<\/p>\n\n\n\n<p>Kiad\u00f3:&nbsp;Carta Teen kiad\u00f3<\/p>\n\n\n\n<p>Oldalsz\u00e1m:&nbsp;488 oldal<\/p>\n\n\n\n<p>Megjelen\u00e9s \u00e9ve:&nbsp;2016<\/p>\n\n\n\n<p><a href=\"https:\/\/www.llkonyvesbolt.hu\/Leiner-Laura-A-Szent-Johanna-gimi-3-Egyedul\" target=\"_blank\" rel=\"noreferrer noopener\">V\u00e1s\u00e1rl\u00e1s<\/a><\/p>\n\n\n\n<p><a href=\"https:\/\/www.libri.hu\/konyv\/leiner_laura.egyedul--2.html\" target=\"_blank\" rel=\"noreferrer noopener\">Ek\u00f6nyv<\/a><\/p>\n","protected":false},"excerpt":{"rendered":"<p>\u201cCortez kiker\u00fclt minket, les\u00e9t\u00e1lt a l\u00e9pcs\u0151n, mik\u00f6zben a l\u00e1ny m\u00e1r megindult fel\u00e9. Tudtam, hogy r\u00e1 v\u00e1r, tudtam, hogy \u0151 csak Viki lehet, de a k\u00f6vetkez\u0151 jelenetet m\u00e9g \u00e9n sem tudtam el\u0151re. A l\u00e1ny vigyorogva \u00e1t\u00f6lelte Cortezt, majd hossz\u00fa cs\u00f3kkal k\u00f6sz\u00f6nt\u00f6tte. Nem, ez nem olyan volt, mint kilencedikben, a d\u00edjugrat\u00f3 napj\u00e1n. Most j\u00f3l l\u00e1ttam. Mindannyian j\u00f3l<\/p>\n","protected":false},"author":2,"featured_media":0,"parent":0,"menu_order":0,"comment_status":"closed","ping_status":"closed","template":"","meta":{"footnotes":""},"class_list":["post-1702","page","type-page","status-publish","hentry"],"jetpack_sharing_enabled":true,"_links":{"self":[{"href":"https:\/\/www.leinerlaura.hu\/index.php\/wp-json\/wp\/v2\/pages\/1702","targetHints":{"allow":["GET"]}}],"collection":[{"href":"https:\/\/www.leinerlaura.hu\/index.php\/wp-json\/wp\/v2\/pages"}],"about":[{"href":"https:\/\/www.leinerlaura.hu\/index.php\/wp-json\/wp\/v2\/types\/page"}],"author":[{"embeddable":true,"href":"https:\/\/www.leinerlaura.hu\/index.php\/wp-json\/wp\/v2\/users\/2"}],"replies":[{"embeddable":true,"href":"https:\/\/www.leinerlaura.hu\/index.php\/wp-json\/wp\/v2\/comments?post=1702"}],"version-history":[{"count":2,"href":"https:\/\/www.leinerlaura.hu\/index.php\/wp-json\/wp\/v2\/pages\/1702\/revisions"}],"predecessor-version":[{"id":1748,"href":"https:\/\/www.leinerlaura.hu\/index.php\/wp-json\/wp\/v2\/pages\/1702\/revisions\/1748"}],"wp:attachment":[{"href":"https:\/\/www.leinerlaura.hu\/index.php\/wp-json\/wp\/v2\/media?parent=1702"}],"curies":[{"name":"wp","href":"https:\/\/api.w.org\/{rel}","templated":true}]}}