{"id":1734,"date":"2024-01-13T12:53:13","date_gmt":"2024-01-13T11:53:13","guid":{"rendered":"https:\/\/www.leinerlaura.hu\/?page_id=1734"},"modified":"2024-01-13T13:08:02","modified_gmt":"2024-01-13T12:08:02","slug":"nelkuled-bexi-sorozat-4","status":"publish","type":"page","link":"https:\/\/www.leinerlaura.hu\/index.php\/nelkuled-bexi-sorozat-4\/","title":{"rendered":"N\u00e9lk\u00fcled (Bexi-sorozat 4.)"},"content":{"rendered":"\n<p class=\"has-text-align-justify\">Bexi \u00e9s Nagy M\u00e1rk t\u00f6rt\u00e9nete sosem volt egyszer\u0171. Az, hogy M\u00e1rk le\u00fct\u00f6tte Beki ex\u00e9t egy t\u00e9v\u00e9m\u0171sor kell\u0151s k\u00f6zep\u00e9n, nem sokat seg\u00edtett a kapcsolatukon, s\u0151t. Vajon lehet \u00fajra Berk, esetleg M\u00e1rxi, vagy a Fogd be Asz\u00e1d tagjai \u00fajabb vicces p\u00e1rneveken t\u00f6rhetik a fej\u00fcket? \u00c9s hogyan fog hatni mindez K\u00f6rte, Evelin \u00e9s Asz\u00e1d\u00e9k, Anti \u00e9s a tr\u00e1g\u00e1r csellista j\u00f3l \u00f6sszeszokott csapat\u00e1ra? Van helye k\u00f6zt\u00fck \u00fajabb embereknek is, vagy v\u00e9gleg sz\u00e9thull a t\u00e1rsas\u00e1guk?<\/p>\n\n\n\n<p>Kiad\u00f3:&nbsp;Carta Teen kiad\u00f3<\/p>\n\n\n\n<p>Oldalsz\u00e1m:&nbsp;448 oldal<\/p>\n\n\n\n<p>Megjelen\u00e9s \u00e9ve:&nbsp;2016<\/p>\n\n\n\n<p><a href=\"https:\/\/www.llkonyvesbolt.hu\/Leiner-Laura-Nelkuled-Bexi-sorozat-4\" target=\"_blank\" rel=\"noreferrer noopener\">V\u00e1s\u00e1rl\u00e1s<\/a><\/p>\n\n\n\n<p><a href=\"https:\/\/www.libri.hu\/konyv\/leiner_laura.nelkuled--8.html\" target=\"_blank\" rel=\"noreferrer noopener\">Ek\u00f6nyv<\/a><\/p>\n","protected":false},"excerpt":{"rendered":"<p>Bexi \u00e9s Nagy M\u00e1rk t\u00f6rt\u00e9nete sosem volt egyszer\u0171. Az, hogy M\u00e1rk le\u00fct\u00f6tte Beki ex\u00e9t egy t\u00e9v\u00e9m\u0171sor kell\u0151s k\u00f6zep\u00e9n, nem sokat seg\u00edtett a kapcsolatukon, s\u0151t. Vajon lehet \u00fajra Berk, esetleg M\u00e1rxi, vagy a Fogd be Asz\u00e1d tagjai \u00fajabb vicces p\u00e1rneveken t\u00f6rhetik a fej\u00fcket? \u00c9s hogyan fog hatni mindez K\u00f6rte, Evelin \u00e9s Asz\u00e1d\u00e9k, Anti \u00e9s a tr\u00e1g\u00e1r<\/p>\n","protected":false},"author":2,"featured_media":0,"parent":0,"menu_order":0,"comment_status":"closed","ping_status":"closed","template":"","meta":{"footnotes":""},"class_list":["post-1734","page","type-page","status-publish","hentry"],"jetpack_sharing_enabled":true,"_links":{"self":[{"href":"https:\/\/www.leinerlaura.hu\/index.php\/wp-json\/wp\/v2\/pages\/1734","targetHints":{"allow":["GET"]}}],"collection":[{"href":"https:\/\/www.leinerlaura.hu\/index.php\/wp-json\/wp\/v2\/pages"}],"about":[{"href":"https:\/\/www.leinerlaura.hu\/index.php\/wp-json\/wp\/v2\/types\/page"}],"author":[{"embeddable":true,"href":"https:\/\/www.leinerlaura.hu\/index.php\/wp-json\/wp\/v2\/users\/2"}],"replies":[{"embeddable":true,"href":"https:\/\/www.leinerlaura.hu\/index.php\/wp-json\/wp\/v2\/comments?post=1734"}],"version-history":[{"count":2,"href":"https:\/\/www.leinerlaura.hu\/index.php\/wp-json\/wp\/v2\/pages\/1734\/revisions"}],"predecessor-version":[{"id":1772,"href":"https:\/\/www.leinerlaura.hu\/index.php\/wp-json\/wp\/v2\/pages\/1734\/revisions\/1772"}],"wp:attachment":[{"href":"https:\/\/www.leinerlaura.hu\/index.php\/wp-json\/wp\/v2\/media?parent=1734"}],"curies":[{"name":"wp","href":"https:\/\/api.w.org\/{rel}","templated":true}]}}