{"id":36,"date":"2023-01-31T22:57:40","date_gmt":"2023-01-31T21:57:40","guid":{"rendered":"https:\/\/www.leinerlaura.hu\/?page_id=36"},"modified":"2024-08-01T22:27:20","modified_gmt":"2024-08-01T20:27:20","slug":"rolam","status":"publish","type":"page","link":"https:\/\/www.leinerlaura.hu\/index.php\/rolam\/","title":{"rendered":"R\u00f3lam"},"content":{"rendered":"\t\t<div data-elementor-type=\"wp-page\" data-elementor-id=\"36\" class=\"elementor elementor-36\">\n\t\t\t\t\t\t<section class=\"elementor-section elementor-top-section elementor-element elementor-element-7f1616b elementor-section-boxed elementor-section-height-default elementor-section-height-default\" data-id=\"7f1616b\" data-element_type=\"section\" data-e-type=\"section\">\n\t\t\t\t\t\t<div class=\"elementor-container elementor-column-gap-default\">\n\t\t\t\t\t<div class=\"elementor-column elementor-col-100 elementor-top-column elementor-element elementor-element-406e9ad\" data-id=\"406e9ad\" data-element_type=\"column\" data-e-type=\"column\">\n\t\t\t<div class=\"elementor-widget-wrap elementor-element-populated\">\n\t\t\t\t\t\t<div class=\"elementor-element elementor-element-7c208d2 elementor-position-top elementor-widget elementor-widget-image-box\" data-id=\"7c208d2\" data-element_type=\"widget\" data-e-type=\"widget\" data-widget_type=\"image-box.default\">\n\t\t\t\t<div class=\"elementor-widget-container\">\n\t\t\t\t\t<div class=\"elementor-image-box-wrapper\"><figure class=\"elementor-image-box-img\"><img fetchpriority=\"high\" decoding=\"async\" width=\"1170\" height=\"1455\" src=\"https:\/\/www.leinerlaura.hu\/wp-content\/uploads\/2023\/11\/F05EBD68-2501-4538-9109-A6B4F836BA4C.jpeg\" class=\"attachment-full size-full wp-image-1406\" alt=\"\" srcset=\"https:\/\/www.leinerlaura.hu\/wp-content\/uploads\/2023\/11\/F05EBD68-2501-4538-9109-A6B4F836BA4C.jpeg 1170w, https:\/\/www.leinerlaura.hu\/wp-content\/uploads\/2023\/11\/F05EBD68-2501-4538-9109-A6B4F836BA4C-768x955.jpeg 768w, https:\/\/www.leinerlaura.hu\/wp-content\/uploads\/2023\/11\/F05EBD68-2501-4538-9109-A6B4F836BA4C-585x728.jpeg 585w\" sizes=\"(max-width: 1170px) 100vw, 1170px\" \/><\/figure><div class=\"elementor-image-box-content\"><h3 class=\"elementor-image-box-title\">Leiner Laura<\/h3><\/div><\/div>\t\t\t\t<\/div>\n\t\t\t\t<\/div>\n\t\t\t\t\t<\/div>\n\t\t<\/div>\n\t\t\t\t\t<\/div>\n\t\t<\/section>\n\t\t\t\t<section class=\"elementor-section elementor-top-section elementor-element elementor-element-de598d5 elementor-section-boxed elementor-section-height-default elementor-section-height-default\" data-id=\"de598d5\" data-element_type=\"section\" data-e-type=\"section\">\n\t\t\t\t\t\t<div class=\"elementor-container elementor-column-gap-default\">\n\t\t\t\t\t<div class=\"elementor-column elementor-col-100 elementor-top-column elementor-element elementor-element-b0d7859\" data-id=\"b0d7859\" data-element_type=\"column\" data-e-type=\"column\">\n\t\t\t<div class=\"elementor-widget-wrap elementor-element-populated\">\n\t\t\t\t\t\t<div class=\"elementor-element elementor-element-0aea999 elementor-widget elementor-widget-text-editor\" data-id=\"0aea999\" data-element_type=\"widget\" data-e-type=\"widget\" data-widget_type=\"text-editor.default\">\n\t\t\t\t<div class=\"elementor-widget-container\">\n\t\t\t\t\t\t\t\t\t<p dir=\"ltr\">\u00a0 \u00a0 Ifj\u00fas\u00e1gi bestseller szerz\u0151. 1985. \u00e1prilis 22-\u00e9n sz\u00fcletett Budapesten.\u00a0Els\u0151 reg\u00e9ny\u00e9t 18 \u00e9vesen \u00edrta, Remek! c\u00edmmel, mely 2005-ben jelent meg.\u00a0A Szent Johanna gimi ifj\u00fas\u00e1gi reg\u00e9nysorozat\u00e1nak els\u0151 k\u00f6tete 2010-ben jelent meg.<\/p><p>Wikip\u00e9dia: <a title=\"\" href=\"http:\/\/hu.wikipedia.org\/wiki\/Leiner_Laura\" target=\"_blank\" rel=\"noopener noreferrer\">https:\/\/hu.wikipedia.org\/wiki\/Leiner_Laura<\/a><\/p>\t\t\t\t\t\t\t\t<\/div>\n\t\t\t\t<\/div>\n\t\t\t\t\t<\/div>\n\t\t<\/div>\n\t\t\t\t\t<\/div>\n\t\t<\/section>\n\t\t\t\t<section class=\"elementor-section elementor-top-section elementor-element elementor-element-5dd7d8f elementor-section-boxed elementor-section-height-default elementor-section-height-default\" data-id=\"5dd7d8f\" data-element_type=\"section\" data-e-type=\"section\">\n\t\t\t\t\t\t<div class=\"elementor-container elementor-column-gap-default\">\n\t\t\t\t\t<div class=\"elementor-column elementor-col-100 elementor-top-column elementor-element elementor-element-077e3c1\" data-id=\"077e3c1\" data-element_type=\"column\" data-e-type=\"column\">\n\t\t\t<div class=\"elementor-widget-wrap elementor-element-populated\">\n\t\t\t\t\t\t<div class=\"elementor-element elementor-element-ec217c4 elementor-widget elementor-widget-malina-septitle\" data-id=\"ec217c4\" data-element_type=\"widget\" data-e-type=\"widget\" data-widget_type=\"malina-septitle.default\">\n\t\t\t\t<div class=\"elementor-widget-container\">\n\t\t\t\t\t<div class=\"separator-title textcenter\"><h3><span>Reg\u00e9nyek<\/span><\/h3><\/div>\t\t\t\t<\/div>\n\t\t\t\t<\/div>\n\t\t\t\t\t<\/div>\n\t\t<\/div>\n\t\t\t\t\t<\/div>\n\t\t<\/section>\n\t\t\t\t<section class=\"elementor-section elementor-top-section elementor-element elementor-element-65f7db4 elementor-section-boxed elementor-section-height-default elementor-section-height-default\" data-id=\"65f7db4\" data-element_type=\"section\" data-e-type=\"section\">\n\t\t\t\t\t\t<div class=\"elementor-container elementor-column-gap-default\">\n\t\t\t\t\t<div class=\"elementor-column elementor-col-100 elementor-top-column elementor-element elementor-element-27f9c73\" data-id=\"27f9c73\" data-element_type=\"column\" data-e-type=\"column\">\n\t\t\t<div class=\"elementor-widget-wrap elementor-element-populated\">\n\t\t\t\t\t\t<div class=\"elementor-element elementor-element-29ee667 elementor-widget elementor-widget-toggle\" data-id=\"29ee667\" data-element_type=\"widget\" data-e-type=\"widget\" data-widget_type=\"toggle.default\">\n\t\t\t\t<div class=\"elementor-widget-container\">\n\t\t\t\t\t\t\t<div class=\"elementor-toggle\">\n\t\t\t\t\t\t\t<div class=\"elementor-toggle-item\">\n\t\t\t\t\t<div id=\"elementor-tab-title-4391\" class=\"elementor-tab-title\" data-tab=\"1\" role=\"button\" aria-controls=\"elementor-tab-content-4391\" aria-expanded=\"false\">\n\t\t\t\t\t\t\t\t\t\t\t\t<span class=\"elementor-toggle-icon elementor-toggle-icon-left\" aria-hidden=\"true\">\n\t\t\t\t\t\t\t\t\t\t\t\t\t\t\t<span class=\"elementor-toggle-icon-closed\"><i class=\"fas fa-caret-right\"><\/i><\/span>\n\t\t\t\t\t\t\t\t<span class=\"elementor-toggle-icon-opened\"><i class=\"elementor-toggle-icon-opened fas fa-caret-up\"><\/i><\/span>\n\t\t\t\t\t\t\t\t\t\t\t\t\t<\/span>\n\t\t\t\t\t\t\t\t\t\t\t\t<a class=\"elementor-toggle-title\" tabindex=\"0\">Belv\u00e1rosi De\u00e1k-sorozat<\/a>\n\t\t\t\t\t<\/div>\n\n\t\t\t\t\t<div id=\"elementor-tab-content-4391\" class=\"elementor-tab-content elementor-clearfix\" data-tab=\"1\" role=\"region\" aria-labelledby=\"elementor-tab-title-4391\"><ol><li>Mindig t\u00f6rt\u00e9nik VALAMI a De\u00e1kban<\/li><\/ol><\/div>\n\t\t\t\t<\/div>\n\t\t\t\t\t\t\t<div class=\"elementor-toggle-item\">\n\t\t\t\t\t<div id=\"elementor-tab-title-4392\" class=\"elementor-tab-title\" data-tab=\"2\" role=\"button\" aria-controls=\"elementor-tab-content-4392\" aria-expanded=\"false\">\n\t\t\t\t\t\t\t\t\t\t\t\t<span class=\"elementor-toggle-icon elementor-toggle-icon-left\" aria-hidden=\"true\">\n\t\t\t\t\t\t\t\t\t\t\t\t\t\t\t<span class=\"elementor-toggle-icon-closed\"><i class=\"fas fa-caret-right\"><\/i><\/span>\n\t\t\t\t\t\t\t\t<span class=\"elementor-toggle-icon-opened\"><i class=\"elementor-toggle-icon-opened fas fa-caret-up\"><\/i><\/span>\n\t\t\t\t\t\t\t\t\t\t\t\t\t<\/span>\n\t\t\t\t\t\t\t\t\t\t\t\t<a class=\"elementor-toggle-title\" tabindex=\"0\">Szent Johanna gimi sorozat<\/a>\n\t\t\t\t\t<\/div>\n\n\t\t\t\t\t<div id=\"elementor-tab-content-4392\" class=\"elementor-tab-content elementor-clearfix\" data-tab=\"2\" role=\"region\" aria-labelledby=\"elementor-tab-title-4392\"><ol><li>Kezdet<\/li><li>Egy\u00fctt<\/li><li>Egyed\u00fcl<\/li><li>Bar\u00e1tok<\/li><li>Rem\u00e9ny<\/li><li>Ketten<\/li><li>\u00datveszt\u0151<\/li><li>\u00d6r\u00f6kk\u00e9 1-2<\/li><\/ol><p>Szent Johanna gimi Kalauz\u00a0<\/p><p>\u00a0<\/p><p>\u00a0<\/p><\/div>\n\t\t\t\t<\/div>\n\t\t\t\t\t\t\t<div class=\"elementor-toggle-item\">\n\t\t\t\t\t<div id=\"elementor-tab-title-4393\" class=\"elementor-tab-title\" data-tab=\"3\" role=\"button\" aria-controls=\"elementor-tab-content-4393\" aria-expanded=\"false\">\n\t\t\t\t\t\t\t\t\t\t\t\t<span class=\"elementor-toggle-icon elementor-toggle-icon-left\" aria-hidden=\"true\">\n\t\t\t\t\t\t\t\t\t\t\t\t\t\t\t<span class=\"elementor-toggle-icon-closed\"><i class=\"fas fa-caret-right\"><\/i><\/span>\n\t\t\t\t\t\t\t\t<span class=\"elementor-toggle-icon-opened\"><i class=\"elementor-toggle-icon-opened fas fa-caret-up\"><\/i><\/span>\n\t\t\t\t\t\t\t\t\t\t\t\t\t<\/span>\n\t\t\t\t\t\t\t\t\t\t\t\t<a class=\"elementor-toggle-title\" tabindex=\"0\">Bexi-sorozat<\/a>\n\t\t\t\t\t<\/div>\n\n\t\t\t\t\t<div id=\"elementor-tab-content-4393\" class=\"elementor-tab-content elementor-clearfix\" data-tab=\"3\" role=\"region\" aria-labelledby=\"elementor-tab-title-4393\"><ol><li>K\u00e9st\u00e9l<\/li><li>Hull\u00f3csillag<\/li><li>Ill\u00fazi\u00f3<\/li><li>N\u00e9lk\u00fcled<\/li><li>Valahol<\/li><li>Egyszer<\/li><\/ol><\/div>\n\t\t\t\t<\/div>\n\t\t\t\t\t\t\t<div class=\"elementor-toggle-item\">\n\t\t\t\t\t<div id=\"elementor-tab-title-4394\" class=\"elementor-tab-title\" data-tab=\"4\" role=\"button\" aria-controls=\"elementor-tab-content-4394\" aria-expanded=\"false\">\n\t\t\t\t\t\t\t\t\t\t\t\t<span class=\"elementor-toggle-icon elementor-toggle-icon-left\" aria-hidden=\"true\">\n\t\t\t\t\t\t\t\t\t\t\t\t\t\t\t<span class=\"elementor-toggle-icon-closed\"><i class=\"fas fa-caret-right\"><\/i><\/span>\n\t\t\t\t\t\t\t\t<span class=\"elementor-toggle-icon-opened\"><i class=\"elementor-toggle-icon-opened fas fa-caret-up\"><\/i><\/span>\n\t\t\t\t\t\t\t\t\t\t\t\t\t<\/span>\n\t\t\t\t\t\t\t\t\t\t\t\t<a class=\"elementor-toggle-title\" tabindex=\"0\">Iskol\u00e1k versenye I. tril\u00f3gia<\/a>\n\t\t\t\t\t<\/div>\n\n\t\t\t\t\t<div id=\"elementor-tab-content-4394\" class=\"elementor-tab-content elementor-clearfix\" data-tab=\"4\" role=\"region\" aria-labelledby=\"elementor-tab-title-4394\"><ol><li>\u00c9g veled<\/li><li>Maradj velem<\/li><li>Eml\u00e9kezz r\u00e1m<\/li><\/ol><\/div>\n\t\t\t\t<\/div>\n\t\t\t\t\t\t\t<div class=\"elementor-toggle-item\">\n\t\t\t\t\t<div id=\"elementor-tab-title-4395\" class=\"elementor-tab-title\" data-tab=\"5\" role=\"button\" aria-controls=\"elementor-tab-content-4395\" aria-expanded=\"false\">\n\t\t\t\t\t\t\t\t\t\t\t\t<span class=\"elementor-toggle-icon elementor-toggle-icon-left\" aria-hidden=\"true\">\n\t\t\t\t\t\t\t\t\t\t\t\t\t\t\t<span class=\"elementor-toggle-icon-closed\"><i class=\"fas fa-caret-right\"><\/i><\/span>\n\t\t\t\t\t\t\t\t<span class=\"elementor-toggle-icon-opened\"><i class=\"elementor-toggle-icon-opened fas fa-caret-up\"><\/i><\/span>\n\t\t\t\t\t\t\t\t\t\t\t\t\t<\/span>\n\t\t\t\t\t\t\t\t\t\t\t\t<a class=\"elementor-toggle-title\" tabindex=\"0\">Iskol\u00e1k versenye II. tril\u00f3gia<\/a>\n\t\t\t\t\t<\/div>\n\n\t\t\t\t\t<div id=\"elementor-tab-content-4395\" class=\"elementor-tab-content elementor-clearfix\" data-tab=\"5\" role=\"region\" aria-labelledby=\"elementor-tab-title-4395\"><ol><li>B\u00edzz bennem<\/li><li>Higgy nekem<\/li><li>\u00c1llj mell\u00e9m<\/li><\/ol><\/div>\n\t\t\t\t<\/div>\n\t\t\t\t\t\t\t<div class=\"elementor-toggle-item\">\n\t\t\t\t\t<div id=\"elementor-tab-title-4396\" class=\"elementor-tab-title\" data-tab=\"6\" role=\"button\" aria-controls=\"elementor-tab-content-4396\" aria-expanded=\"false\">\n\t\t\t\t\t\t\t\t\t\t\t\t<span class=\"elementor-toggle-icon elementor-toggle-icon-left\" aria-hidden=\"true\">\n\t\t\t\t\t\t\t\t\t\t\t\t\t\t\t<span class=\"elementor-toggle-icon-closed\"><i class=\"fas fa-caret-right\"><\/i><\/span>\n\t\t\t\t\t\t\t\t<span class=\"elementor-toggle-icon-opened\"><i class=\"elementor-toggle-icon-opened fas fa-caret-up\"><\/i><\/span>\n\t\t\t\t\t\t\t\t\t\t\t\t\t<\/span>\n\t\t\t\t\t\t\t\t\t\t\t\t<a class=\"elementor-toggle-title\" tabindex=\"0\">Egyr\u00e9szes k\u00f6nyvek<\/a>\n\t\t\t\t\t<\/div>\n\n\t\t\t\t\t<div id=\"elementor-tab-content-4396\" class=\"elementor-tab-content elementor-clearfix\" data-tab=\"6\" role=\"region\" aria-labelledby=\"elementor-tab-title-4396\"><ul><li>K\u00f6zhelyek<\/li><li>B\u00e1bel<\/li><li>Akkor szak\u00edtsunk<\/li><li>Mindig kar\u00e1csony<\/li><li>Random<\/li><li>40 ny\u00e1ri nap<\/li><li>Nem egyszer\u0171<\/li><\/ul><\/div>\n\t\t\t\t<\/div>\n\t\t\t\t\t\t\t<div class=\"elementor-toggle-item\">\n\t\t\t\t\t<div id=\"elementor-tab-title-4397\" class=\"elementor-tab-title\" data-tab=\"7\" role=\"button\" aria-controls=\"elementor-tab-content-4397\" aria-expanded=\"false\">\n\t\t\t\t\t\t\t\t\t\t\t\t<span class=\"elementor-toggle-icon elementor-toggle-icon-left\" aria-hidden=\"true\">\n\t\t\t\t\t\t\t\t\t\t\t\t\t\t\t<span class=\"elementor-toggle-icon-closed\"><i class=\"fas fa-caret-right\"><\/i><\/span>\n\t\t\t\t\t\t\t\t<span class=\"elementor-toggle-icon-opened\"><i class=\"elementor-toggle-icon-opened fas fa-caret-up\"><\/i><\/span>\n\t\t\t\t\t\t\t\t\t\t\t\t\t<\/span>\n\t\t\t\t\t\t\t\t\t\t\t\t<a class=\"elementor-toggle-title\" tabindex=\"0\">K\u00e9tr\u00e9szes k\u00f6nyvek<\/a>\n\t\t\t\t\t<\/div>\n\n\t\t\t\t\t<div id=\"elementor-tab-content-4397\" class=\"elementor-tab-content elementor-clearfix\" data-tab=\"7\" role=\"region\" aria-labelledby=\"elementor-tab-title-4397\"><ul><li>Remek!, Ez is remek!<\/li><\/ul><\/div>\n\t\t\t\t<\/div>\n\t\t\t\t\t\t\t\t<\/div>\n\t\t\t\t\t\t<\/div>\n\t\t\t\t<\/div>\n\t\t\t\t\t<\/div>\n\t\t<\/div>\n\t\t\t\t\t<\/div>\n\t\t<\/section>\n\t\t\t\t<section class=\"elementor-section elementor-top-section elementor-element elementor-element-6f32a67 elementor-section-boxed elementor-section-height-default elementor-section-height-default\" data-id=\"6f32a67\" data-element_type=\"section\" data-e-type=\"section\">\n\t\t\t\t\t\t<div class=\"elementor-container elementor-column-gap-default\">\n\t\t\t\t\t<div class=\"elementor-column elementor-col-100 elementor-top-column elementor-element elementor-element-2654ad4\" data-id=\"2654ad4\" data-element_type=\"column\" data-e-type=\"column\">\n\t\t\t<div class=\"elementor-widget-wrap elementor-element-populated\">\n\t\t\t\t\t\t<div class=\"elementor-element elementor-element-ceb142d elementor-widget elementor-widget-malina-septitle\" data-id=\"ceb142d\" data-element_type=\"widget\" data-e-type=\"widget\" data-widget_type=\"malina-septitle.default\">\n\t\t\t\t<div class=\"elementor-widget-container\">\n\t\t\t\t\t<div class=\"separator-title textcenter\"><h3><span>D\u00edjak, helyez\u00e9sek<\/span><\/h3><\/div>\t\t\t\t<\/div>\n\t\t\t\t<\/div>\n\t\t\t\t\t<\/div>\n\t\t<\/div>\n\t\t\t\t\t<\/div>\n\t\t<\/section>\n\t\t\t\t<section class=\"elementor-section elementor-top-section elementor-element elementor-element-e8ce9d0 elementor-section-boxed elementor-section-height-default elementor-section-height-default\" data-id=\"e8ce9d0\" data-element_type=\"section\" data-e-type=\"section\">\n\t\t\t\t\t\t<div class=\"elementor-container elementor-column-gap-default\">\n\t\t\t\t\t<div class=\"elementor-column elementor-col-100 elementor-top-column elementor-element elementor-element-c7661c9\" data-id=\"c7661c9\" data-element_type=\"column\" data-e-type=\"column\">\n\t\t\t<div class=\"elementor-widget-wrap elementor-element-populated\">\n\t\t\t\t\t\t<section class=\"elementor-section elementor-inner-section elementor-element elementor-element-5acdcfb elementor-section-boxed elementor-section-height-default elementor-section-height-default\" data-id=\"5acdcfb\" data-element_type=\"section\" data-e-type=\"section\">\n\t\t\t\t\t\t<div class=\"elementor-container elementor-column-gap-default\">\n\t\t\t\t\t<div class=\"elementor-column elementor-col-50 elementor-inner-column elementor-element elementor-element-0bbb5f2\" data-id=\"0bbb5f2\" data-element_type=\"column\" data-e-type=\"column\">\n\t\t\t<div class=\"elementor-widget-wrap elementor-element-populated\">\n\t\t\t\t\t\t<div class=\"elementor-element elementor-element-c5f346f elementor-widget elementor-widget-text-editor\" data-id=\"c5f346f\" data-element_type=\"widget\" data-e-type=\"widget\" data-widget_type=\"text-editor.default\">\n\t\t\t\t<div class=\"elementor-widget-container\">\n\t\t\t\t\t\t\t\t\t<p>Leiner Laura: A Szent Johanna gimi 1. \u2013 Kezdet\u00a0<em>Libri Aranyk\u00f6nyv 2011 \u2013 7. helyez\u00e9s<\/em><\/p><p>Leiner Laura: A Szent Johanna gimi 4. \u2013 Bar\u00e1tok\u00a0<em>Libri Aranyk\u00f6nyv 2012 \u2013 5. helyez\u00e9s<\/em><\/p><p>Leiner Laura: A Szent Johanna gimi 5. \u2013 Rem\u00e9ny\u00a0<em>Libri Aranyk\u00f6nyv 2012 \u2013 4. helyez\u00e9s<\/em><\/p><p>Leiner Laura: A Szent Johanna gimi 6. \u2013 Ketten\u00a0<em>Libri Aranyk\u00f6nyv 2013 \u2013 dobog\u00f3s helyez\u00e9s<\/em><\/p><p>Leiner Laura: A Szent Johanna gimi 7. \u2013 \u00datveszt\u0151\u00a0<em>Libri Aranyk\u00f6nyv 2013 \u2013 1. helyez\u00e9s<\/em><\/p><p>Leiner Laura: A Szent Johanna gimi \u2013 Kalauz\u00a0<em>Libri Aranyk\u00f6nyv 2014 \u2013 dobog\u00f3s helyez\u00e9s<\/em><\/p><p>Leiner Laura: B\u00e1bel\u00a0<em>Libri Aranyk\u00f6nyv 2014 \u2013 dobog\u00f3s helyez\u00e9s<\/em><\/p><p>Leiner Laura: A Szent Johanna gimi 8. \u2013 \u00d6r\u00f6kk\u00e9\u00a0<em>Libri Aranyk\u00f6nyv 2014 \u2013 1. helyez\u00e9s<\/em><\/p><p>Leiner Laura: Akkor szak\u00edtsunk\u00a0<em>Aranyk\u00f6nyv 2015 \u2013 dobog\u00f3s helyez\u00e9s<\/em><\/p>\t\t\t\t\t\t\t\t<\/div>\n\t\t\t\t<\/div>\n\t\t\t\t\t<\/div>\n\t\t<\/div>\n\t\t\t\t<div class=\"elementor-column elementor-col-50 elementor-inner-column elementor-element elementor-element-df24d64\" data-id=\"df24d64\" data-element_type=\"column\" data-e-type=\"column\">\n\t\t\t<div class=\"elementor-widget-wrap elementor-element-populated\">\n\t\t\t\t\t\t<div class=\"elementor-element elementor-element-9af0246 elementor-widget elementor-widget-text-editor\" data-id=\"9af0246\" data-element_type=\"widget\" data-e-type=\"widget\" data-widget_type=\"text-editor.default\">\n\t\t\t\t<div class=\"elementor-widget-container\">\n\t\t\t\t\t\t\t\t\t<p>Leiner Laura: K\u00e9st\u00e9l (Bexi-sorozat 1.)\u00a0<em>Aranyk\u00f6nyv 2015 \u2013 1. helyez\u00e9s<\/em><\/p><p>Leiner Laura: Hull\u00f3csillag\u00a0<em>Aranyk\u00f6nyv 2016 \u2013 1. helyez\u00e9s\u00a0<\/em><\/p><p>Leiner Laura \u2013 N\u00e9lk\u00fcled\u00a0<em>Aranyk\u00f6nyv 2017 \u2013 2. helyez\u00e9s<\/em><\/p><p>Leiner Laura: Valahol\u00a0<em>Aranyk\u00f6nyv 2017 \u2013 1. helyez\u00e9s<\/em><\/p><p>Leiner Laura \u2013 \u00c9g veled\u00a0<em>Aranyk\u00f6nyv 2018 \u2013 1. helyez\u00e9s<\/em><\/p><p>Leiner Laura \u2013 \u00c1llj mell\u00e9m\u00a0<em>Az \u00c9v k\u00f6nyve 2022 ifj\u00fas\u00e1gi irodalom \u2013 1. helyez\u00e9s<\/em><\/p><p>Leiner Laura \u2013 Random\u00a0<em>Az \u00c9v k\u00f6nyve 2022 bor\u00edt\u00f3 \u2013 1. helyez\u00e9s<\/em><\/p><p style=\"text-align: left;\">Leiner Laura &#8211; Random <em>N\u0151k lapja irodalmi k\u00f6z\u00f6ns\u00e9gd\u00edj 2023<\/em><\/p><p>Leiner Laura &#8211; 40 ny\u00e1ri nap <em>Az \u00c9v k\u00f6nyve 2023 ifj\u00fas\u00e1gi irodalom &#8211; 1. helyez\u00e9s<\/em><\/p><p>Leiner Laura &#8211; 40 ny\u00e1ri nap <em>Moly-d\u00edj 2024 Egy voltam k\u00f6z\u00fcl\u00fck kateg\u00f3ria\u00a0<\/em><\/p>\t\t\t\t\t\t\t\t<\/div>\n\t\t\t\t<\/div>\n\t\t\t\t\t<\/div>\n\t\t<\/div>\n\t\t\t\t\t<\/div>\n\t\t<\/section>\n\t\t\t\t\t<\/div>\n\t\t<\/div>\n\t\t\t\t\t<\/div>\n\t\t<\/section>\n\t\t\t\t<section class=\"elementor-section elementor-top-section elementor-element elementor-element-023dff8 elementor-section-boxed elementor-section-height-default elementor-section-height-default\" data-id=\"023dff8\" data-element_type=\"section\" data-e-type=\"section\">\n\t\t\t\t\t\t<div class=\"elementor-container elementor-column-gap-default\">\n\t\t\t\t\t<div class=\"elementor-column elementor-col-100 elementor-top-column elementor-element elementor-element-5630a6c\" data-id=\"5630a6c\" data-element_type=\"column\" data-e-type=\"column\">\n\t\t\t<div class=\"elementor-widget-wrap elementor-element-populated\">\n\t\t\t\t\t\t<div class=\"elementor-element elementor-element-a2023fb elementor-widget elementor-widget-malina-teammember\" data-id=\"a2023fb\" data-element_type=\"widget\" data-e-type=\"widget\" data-widget_type=\"malina-teammember.default\">\n\t\t\t\t<div class=\"elementor-widget-container\">\n\t\t\t\t\t<div class=\"team-member-8339 team-member\"><h3 class=\"team-member-name\"><\/h3><div class=\"team-member-pos\"><\/div><\/div>\t\t\t\t<\/div>\n\t\t\t\t<\/div>\n\t\t\t\t<div class=\"elementor-element elementor-element-ce9355c elementor-widget elementor-widget-blockquote\" data-id=\"ce9355c\" data-element_type=\"widget\" data-e-type=\"widget\" data-widget_type=\"blockquote.default\">\n\t\t\t\t<div class=\"elementor-widget-container\">\n\t\t\t\t\t \t\t\t\t<\/div>\n\t\t\t\t<\/div>\n\t\t\t\t\t<\/div>\n\t\t<\/div>\n\t\t\t\t\t<\/div>\n\t\t<\/section>\n\t\t\t\t<\/div>\n\t\t","protected":false},"excerpt":{"rendered":"<p>Leiner Laura \u00a0 \u00a0 Ifj\u00fas\u00e1gi bestseller szerz\u0151. 1985. \u00e1prilis 22-\u00e9n sz\u00fcletett Budapesten.\u00a0Els\u0151 reg\u00e9ny\u00e9t 18 \u00e9vesen \u00edrta, Remek! c\u00edmmel, mely 2005-ben jelent meg.\u00a0A Szent Johanna gimi ifj\u00fas\u00e1gi reg\u00e9nysorozat\u00e1nak els\u0151 k\u00f6tete 2010-ben jelent meg. Wikip\u00e9dia: https:\/\/hu.wikipedia.org\/wiki\/Leiner_Laura Reg\u00e9nyek Belv\u00e1rosi De\u00e1k-sorozat Mindig t\u00f6rt\u00e9nik VALAMI a De\u00e1kban Szent Johanna gimi sorozat Kezdet Egy\u00fctt Egyed\u00fcl Bar\u00e1tok Rem\u00e9ny Ketten \u00datveszt\u0151 \u00d6r\u00f6kk\u00e9 1-2<\/p>\n","protected":false},"author":2,"featured_media":0,"parent":0,"menu_order":0,"comment_status":"closed","ping_status":"closed","template":"","meta":{"footnotes":""},"class_list":["post-36","page","type-page","status-publish","hentry"],"jetpack_sharing_enabled":true,"_links":{"self":[{"href":"https:\/\/www.leinerlaura.hu\/index.php\/wp-json\/wp\/v2\/pages\/36","targetHints":{"allow":["GET"]}}],"collection":[{"href":"https:\/\/www.leinerlaura.hu\/index.php\/wp-json\/wp\/v2\/pages"}],"about":[{"href":"https:\/\/www.leinerlaura.hu\/index.php\/wp-json\/wp\/v2\/types\/page"}],"author":[{"embeddable":true,"href":"https:\/\/www.leinerlaura.hu\/index.php\/wp-json\/wp\/v2\/users\/2"}],"replies":[{"embeddable":true,"href":"https:\/\/www.leinerlaura.hu\/index.php\/wp-json\/wp\/v2\/comments?post=36"}],"version-history":[{"count":62,"href":"https:\/\/www.leinerlaura.hu\/index.php\/wp-json\/wp\/v2\/pages\/36\/revisions"}],"predecessor-version":[{"id":2177,"href":"https:\/\/www.leinerlaura.hu\/index.php\/wp-json\/wp\/v2\/pages\/36\/revisions\/2177"}],"wp:attachment":[{"href":"https:\/\/www.leinerlaura.hu\/index.php\/wp-json\/wp\/v2\/media?parent=36"}],"curies":[{"name":"wp","href":"https:\/\/api.w.org\/{rel}","templated":true}]}}